{"id":3909,"date":"2023-09-20T08:56:56","date_gmt":"2023-09-20T06:56:56","guid":{"rendered":"https:\/\/odysgea.com\/politica-de-privacidad\/"},"modified":"2026-03-06T10:07:19","modified_gmt":"2026-03-06T09:07:19","slug":"politica-de-privacidad","status":"publish","type":"page","link":"https:\/\/odysgea.com\/es\/politica-de-privacidad\/","title":{"rendered":"Pol\u00edtica de privacidad"},"content":{"rendered":"<div class=\"fusion-fullwidth fullwidth-box fusion-builder-row-1 fusion-flex-container has-pattern-background has-mask-background nonhundred-percent-fullwidth non-hundred-percent-height-scrolling\" style=\"--awb-border-radius-top-left:0px;--awb-border-radius-top-right:0px;--awb-border-radius-bottom-right:0px;--awb-border-radius-bottom-left:0px;--awb-flex-wrap:wrap;\" ><div class=\"fusion-builder-row fusion-row fusion-flex-align-items-flex-start fusion-flex-justify-content-center fusion-flex-content-wrap\" style=\"max-width:1414.4px;margin-left: calc(-4% \/ 2 );margin-right: calc(-4% \/ 2 );\"><div class=\"fusion-layout-column fusion_builder_column fusion-builder-column-0 fusion_builder_column_1_1 1_1 fusion-flex-column\" style=\"--awb-bg-size:cover;--awb-width-large:100%;--awb-margin-top-large:0px;--awb-spacing-right-large:1.92%;--awb-margin-bottom-large:0px;--awb-spacing-left-large:1.92%;--awb-width-medium:100%;--awb-order-medium:0;--awb-spacing-right-medium:1.92%;--awb-spacing-left-medium:1.92%;--awb-width-small:100%;--awb-order-small:0;--awb-spacing-right-small:1.92%;--awb-spacing-left-small:1.92%;\" data-scroll-devices=\"small-visibility,medium-visibility,large-visibility\"><div class=\"fusion-column-wrapper fusion-column-has-shadow fusion-flex-justify-content-flex-start fusion-content-layout-column\"><div class=\"fusion-title title fusion-title-1 fusion-sep-none fusion-title-center fusion-title-text fusion-title-size-two\" style=\"--awb-margin-top:4%;--awb-margin-bottom:4%;\"><h2 class=\"fusion-title-heading title-heading-center\" style=\"margin:0;\"><strong>Pol\u00edtica de privacidad<\/strong><\/h2><\/div><div class=\"fusion-text fusion-text-1\"><p>Odysgea Viajes y Paisajes S.L.U. es una empresa que ofrece servicios de viajes por internet, con domicilio social en Calle La Fueva 9, Casa 13, A\u00ednsa (Huesca) \u2013 Espa\u00f1a -, y N.I.F. B19478957. A continuaci\u00f3n, se detalla un AVISO LEGAL que regula el acceso y uso, y la relaci\u00f3n entre este servicio (en adelante, la WEB) disponible en https:\/\/www.odysgea.com, y los usuarios de la WEB (en adelante, los USUARIOS).<\/p>\n<p>&nbsp;<\/p>\n<h5 class=\"wp-block-heading\"><strong>POL\u00cdTICA DE PROTECCI\u00d3N DE DATOS PERSONALES<\/strong><\/h5>\n<p>Para mejorar la eficacia de la relaci\u00f3n entre Odysgea Viajes y Paisajes S.L.U. y los USUARIOS, Odysgea Viajes y Paisajes S.L.U. garantiza mediante este aviso la privacidad de los servicios en l\u00ednea de acuerdo con los requisitos legales e informa de su pol\u00edtica de protecci\u00f3n de datos personales, para que los USUARIOS puedan decidir libremente si desean facilitar a Odysgea Viajes y Paisajes S.L.U. sus datos personales mediante los formularios electr\u00f3nicos disponibles.<\/p>\n<p>Los USUARIOS consienten el uso de estos datos personales a Odysgea Viajes y Paisajes S.L.U. de conformidad con esta pol\u00edtica de protecci\u00f3n de datos personales.<\/p>\n<p>&nbsp;<\/p>\n<h5><strong>CONFIDENCIALIDAD EN EL TRATAMIENTO AUTOMATIZADO DE LOS DATOS PERSONALES DE LOS USUARIOS<\/strong><\/h5>\n<p>Odysgea.com garantiza la confidencialidad de los datos personales facilitados por los USUARIOS y su tratamiento automatizado de acuerdo con la legislaci\u00f3n vigente en materia de protecci\u00f3n de datos personales (Ley Org\u00e1nica 15\/99, de 13 de diciembre, de Protecci\u00f3n de Datos de Car\u00e1cter Personal; Real Decreto 994\/1999, de 11 de junio, por el que se aprueba el Reglamento de Seguridad de los Ficheros Automatizados de Datos; y toda la normativa aplicable en la materia).<\/p>\n<p>Odysgea.com ha adoptado todos los niveles de seguridad legalmente requeridos para la protecci\u00f3n de datos personales y ha instalado todos los medios y medidas t\u00e9cnicas a su alcance para evitar la p\u00e9rdida, el mal uso, la alteraci\u00f3n, el acceso no autorizado y el robo de los datos personales compartidos. No obstante, el USUARIO debe comprender que las medidas de seguridad en internet no son infalibles.<\/p>\n<p>Los datos personales compartidos se utilizar\u00e1n e incorporar\u00e1n autom\u00e1ticamente a los ficheros de datos gestionados por Odysgea Viajes y Paisajes S.L.U.<\/p>\n<p>Odysgea.com se reserva el derecho a modificar esta pol\u00edtica para adaptarla a novedades o requisitos legales, teniendo en cuenta los intereses leg\u00edtimos del cliente o USUARIO. Algunos servicios ofrecidos en el SITIO WEB pueden contener medidas de precauci\u00f3n espec\u00edficas para la protecci\u00f3n de datos personales.<\/p>\n<p>&nbsp;<\/p>\n<h5><strong>OBJETIVO DE LA RECOGIDA Y EL TRATAMIENTO AUTOMATIZADO DE LOS DATOS PERSONALES<\/strong><\/h5>\n<p>La recopilaci\u00f3n y el uso autom\u00e1ticos de los datos personales de los USUARIOS, como resultado de la navegaci\u00f3n en la WEB, tienen como objetivo principal mantener la relaci\u00f3n contractual establecida entre ambos, as\u00ed como la gesti\u00f3n, administraci\u00f3n, prestaci\u00f3n, expansi\u00f3n y mejora de los USUARIOS.<\/p>\n<p>En cualquier caso, Odysgea Viajes y Paisajes S.L.U. utilizar\u00e1 los datos personales de los USUARIOS exclusivamente para las finalidades descritas anteriormente, salvo previo aviso en el SITIO WEB, concediendo al USUARIO un plazo razonable para oponerse.<\/p>\n<p>&nbsp;<\/p>\n<h5><strong>DERECHOS DE LOS USUARIOS EN RELACI\u00d3N CON SUS DATOS PERSONALES<\/strong><\/h5>\n<p>Los USUARIOS tienen derecho a acceder, cancelar, rectificar y oponerse al uso y divulgaci\u00f3n de sus datos personales mediante comunicaci\u00f3n dirigida a Odysgea Viajes y Paisajes S.L.U en info@odysgea.com<\/p>\n<p>&nbsp;<\/p>\n<h5><strong>CESI\u00d3N DE DATOS PERSONALES DE LOS USUARIOS A TERCEROS<\/strong><\/h5>\n<p>Odysgea.com no ceder\u00e1 a terceros los datos personales de los USUARIOS recopilados en su web sin su consentimiento expl\u00edcito. Para ello, Odysgea Viajes y Paisajes S.L.U. habr\u00e1 ofrecido previamente al USUARIO la posibilidad de aceptar o rechazar la cesi\u00f3n.<\/p>\n<p>Odysgea.com informar\u00e1 expl\u00edcitamente al USUARIO de la cesi\u00f3n de sus datos personales a terceros, indicando la identidad y la finalidad de los cesionarios.<\/p>\n<p>&nbsp;<\/p>\n<h5><strong>EXENCI\u00d3N DE RESPONSABILIDAD POR LA DISPONIBILIDAD DEL SITIO WEB<\/strong><\/h5>\n<p>Odysgea.com ofrece sus servicios y contenidos de forma continua utilizando toda la tecnolog\u00eda disponible para que esta prestaci\u00f3n sea satisfactoria.<\/p>\n<p>Odysgea.com corregir\u00e1, mejorar\u00e1 o modificar\u00e1 la informaci\u00f3n del SITIO WEB, los SERVICIOS o los CONTENIDOS cuando lo considere oportuno. Esto no afectar\u00e1 a ninguna reclamaci\u00f3n o compensaci\u00f3n, ni implicar\u00e1 el reconocimiento de responsabilidad alguna.<\/p>\n<p>Odysgea.com no se responsabiliza de los da\u00f1os de cualquier naturaleza que puedan derivarse de la disponibilidad tecnol\u00f3gica o la continuidad del uso del SITIO WEB. En cualquier caso, Odysgea Viajes y Paisajes S.L.U. realizar\u00e1 todas las acciones necesarias para restablecer sus servicios en caso de problemas t\u00e9cnicos.<\/p>\n<p>&nbsp;<\/p>\n<h5><strong>PROPIEDAD INTELECTUAL DE LOS CONTENIDOS DEL SITIO WEB<\/strong><\/h5>\n<p>Los textos (noticias, conceptos, opiniones y otros textos similares), as\u00ed como los elementos gr\u00e1ficos (dise\u00f1o, logotipo, c\u00f3digo fuente y elementos similares) que conforman la WEB, as\u00ed como su presentaci\u00f3n y configuraci\u00f3n, son propiedad exclusiva de Odysgea Viajes y Paisajes S.L.U. o cuenta con los derechos de licencia de dichos elementos mediante acuerdos con terceros.<\/p>\n<p>Gracias por su confianza. Para cualquier consulta, env\u00ede un correo electr\u00f3nico a info@odysgea.com o llame al (+34) 647 751105.<\/p>\n<p>&nbsp;<\/p>\n<p>&nbsp;<\/p>\n<\/div><\/div><\/div><\/div><\/div>","protected":false},"excerpt":{"rendered":"","protected":false},"author":1,"featured_media":0,"parent":0,"menu_order":0,"comment_status":"closed","ping_status":"closed","template":"","meta":{"_acf_changed":false,"footnotes":""},"class_list":["post-3909","page","type-page","status-publish","hentry"],"acf":[],"yoast_head":"<!-- This site is optimized with the Yoast SEO plugin v27.3 - https:\/\/yoast.com\/product\/yoast-seo-wordpress\/ -->\n<title>Pol\u00edtica de privacidad - ODYSGEA<\/title>\n<meta name=\"robots\" content=\"index, follow, max-snippet:-1, max-image-preview:large, max-video-preview:-1\" \/>\n<link rel=\"canonical\" href=\"https:\/\/odysgea.com\/es\/politica-de-privacidad\/\" \/>\n<meta property=\"og:locale\" content=\"es_ES\" \/>\n<meta property=\"og:type\" content=\"article\" \/>\n<meta property=\"og:title\" content=\"Pol\u00edtica de privacidad - ODYSGEA\" \/>\n<meta property=\"og:url\" content=\"https:\/\/odysgea.com\/es\/politica-de-privacidad\/\" \/>\n<meta property=\"og:site_name\" content=\"ODYSGEA\" \/>\n<meta property=\"article:modified_time\" content=\"2026-03-06T09:07:19+00:00\" \/>\n<meta name=\"twitter:card\" content=\"summary_large_image\" \/>\n<meta name=\"twitter:label1\" content=\"Tiempo de lectura\" \/>\n\t<meta name=\"twitter:data1\" content=\"4 minutos\" \/>\n<script type=\"application\/ld+json\" class=\"yoast-schema-graph\">{\"@context\":\"https:\\\/\\\/schema.org\",\"@graph\":[{\"@type\":\"WebPage\",\"@id\":\"https:\\\/\\\/odysgea.com\\\/es\\\/politica-de-privacidad\\\/\",\"url\":\"https:\\\/\\\/odysgea.com\\\/es\\\/politica-de-privacidad\\\/\",\"name\":\"Pol\u00edtica de privacidad - ODYSGEA\",\"isPartOf\":{\"@id\":\"https:\\\/\\\/odysgea.com\\\/es\\\/#website\"},\"datePublished\":\"2023-09-20T06:56:56+00:00\",\"dateModified\":\"2026-03-06T09:07:19+00:00\",\"breadcrumb\":{\"@id\":\"https:\\\/\\\/odysgea.com\\\/es\\\/politica-de-privacidad\\\/#breadcrumb\"},\"inLanguage\":\"es\",\"potentialAction\":[{\"@type\":\"ReadAction\",\"target\":[\"https:\\\/\\\/odysgea.com\\\/es\\\/politica-de-privacidad\\\/\"]}]},{\"@type\":\"BreadcrumbList\",\"@id\":\"https:\\\/\\\/odysgea.com\\\/es\\\/politica-de-privacidad\\\/#breadcrumb\",\"itemListElement\":[{\"@type\":\"ListItem\",\"position\":1,\"name\":\"Portada\",\"item\":\"https:\\\/\\\/odysgea.com\\\/es\\\/\"},{\"@type\":\"ListItem\",\"position\":2,\"name\":\"Pol\u00edtica de privacidad\"}]},{\"@type\":\"WebSite\",\"@id\":\"https:\\\/\\\/odysgea.com\\\/es\\\/#website\",\"url\":\"https:\\\/\\\/odysgea.com\\\/es\\\/\",\"name\":\"ODYSGEA\",\"description\":\"\",\"potentialAction\":[{\"@type\":\"SearchAction\",\"target\":{\"@type\":\"EntryPoint\",\"urlTemplate\":\"https:\\\/\\\/odysgea.com\\\/es\\\/?s={search_term_string}\"},\"query-input\":{\"@type\":\"PropertyValueSpecification\",\"valueRequired\":true,\"valueName\":\"search_term_string\"}}],\"inLanguage\":\"es\"}]}<\/script>\n<!-- \/ Yoast SEO plugin. -->","yoast_head_json":{"title":"Pol\u00edtica de privacidad - ODYSGEA","robots":{"index":"index","follow":"follow","max-snippet":"max-snippet:-1","max-image-preview":"max-image-preview:large","max-video-preview":"max-video-preview:-1"},"canonical":"https:\/\/odysgea.com\/es\/politica-de-privacidad\/","og_locale":"es_ES","og_type":"article","og_title":"Pol\u00edtica de privacidad - ODYSGEA","og_url":"https:\/\/odysgea.com\/es\/politica-de-privacidad\/","og_site_name":"ODYSGEA","article_modified_time":"2026-03-06T09:07:19+00:00","twitter_card":"summary_large_image","twitter_misc":{"Tiempo de lectura":"4 minutos"},"schema":{"@context":"https:\/\/schema.org","@graph":[{"@type":"WebPage","@id":"https:\/\/odysgea.com\/es\/politica-de-privacidad\/","url":"https:\/\/odysgea.com\/es\/politica-de-privacidad\/","name":"Pol\u00edtica de privacidad - ODYSGEA","isPartOf":{"@id":"https:\/\/odysgea.com\/es\/#website"},"datePublished":"2023-09-20T06:56:56+00:00","dateModified":"2026-03-06T09:07:19+00:00","breadcrumb":{"@id":"https:\/\/odysgea.com\/es\/politica-de-privacidad\/#breadcrumb"},"inLanguage":"es","potentialAction":[{"@type":"ReadAction","target":["https:\/\/odysgea.com\/es\/politica-de-privacidad\/"]}]},{"@type":"BreadcrumbList","@id":"https:\/\/odysgea.com\/es\/politica-de-privacidad\/#breadcrumb","itemListElement":[{"@type":"ListItem","position":1,"name":"Portada","item":"https:\/\/odysgea.com\/es\/"},{"@type":"ListItem","position":2,"name":"Pol\u00edtica de privacidad"}]},{"@type":"WebSite","@id":"https:\/\/odysgea.com\/es\/#website","url":"https:\/\/odysgea.com\/es\/","name":"ODYSGEA","description":"","potentialAction":[{"@type":"SearchAction","target":{"@type":"EntryPoint","urlTemplate":"https:\/\/odysgea.com\/es\/?s={search_term_string}"},"query-input":{"@type":"PropertyValueSpecification","valueRequired":true,"valueName":"search_term_string"}}],"inLanguage":"es"}]}},"_links":{"self":[{"href":"https:\/\/odysgea.com\/es\/wp-json\/wp\/v2\/pages\/3909","targetHints":{"allow":["GET"]}}],"collection":[{"href":"https:\/\/odysgea.com\/es\/wp-json\/wp\/v2\/pages"}],"about":[{"href":"https:\/\/odysgea.com\/es\/wp-json\/wp\/v2\/types\/page"}],"author":[{"embeddable":true,"href":"https:\/\/odysgea.com\/es\/wp-json\/wp\/v2\/users\/1"}],"replies":[{"embeddable":true,"href":"https:\/\/odysgea.com\/es\/wp-json\/wp\/v2\/comments?post=3909"}],"version-history":[{"count":7,"href":"https:\/\/odysgea.com\/es\/wp-json\/wp\/v2\/pages\/3909\/revisions"}],"predecessor-version":[{"id":4669,"href":"https:\/\/odysgea.com\/es\/wp-json\/wp\/v2\/pages\/3909\/revisions\/4669"}],"wp:attachment":[{"href":"https:\/\/odysgea.com\/es\/wp-json\/wp\/v2\/media?parent=3909"}],"curies":[{"name":"wp","href":"https:\/\/api.w.org\/{rel}","templated":true}]}}