{"id":4429,"date":"2024-10-10T14:50:37","date_gmt":"2024-10-10T12:50:37","guid":{"rendered":"https:\/\/odysgea.com\/aviso-legal\/"},"modified":"2026-03-05T09:01:14","modified_gmt":"2026-03-05T08:01:14","slug":"aviso-legal","status":"publish","type":"page","link":"https:\/\/odysgea.com\/es\/aviso-legal\/","title":{"rendered":"Aviso Legal"},"content":{"rendered":"<p><div class=\"fusion-fullwidth fullwidth-box fusion-builder-row-1 fusion-flex-container has-pattern-background has-mask-background nonhundred-percent-fullwidth non-hundred-percent-height-scrolling\" style=\"--awb-border-radius-top-left:0px;--awb-border-radius-top-right:0px;--awb-border-radius-bottom-right:0px;--awb-border-radius-bottom-left:0px;--awb-flex-wrap:wrap;\" ><div class=\"fusion-builder-row fusion-row fusion-flex-align-items-flex-start fusion-flex-justify-content-center fusion-flex-content-wrap\" style=\"max-width:1414.4px;margin-left: calc(-4% \/ 2 );margin-right: calc(-4% \/ 2 );\"><div class=\"fusion-layout-column fusion_builder_column fusion-builder-column-0 fusion_builder_column_1_1 1_1 fusion-flex-column\" style=\"--awb-bg-size:cover;--awb-width-large:100%;--awb-margin-top-large:0px;--awb-spacing-right-large:1.92%;--awb-margin-bottom-large:0px;--awb-spacing-left-large:1.92%;--awb-width-medium:100%;--awb-order-medium:0;--awb-spacing-right-medium:1.92%;--awb-spacing-left-medium:1.92%;--awb-width-small:100%;--awb-order-small:0;--awb-spacing-right-small:1.92%;--awb-spacing-left-small:1.92%;\" data-scroll-devices=\"small-visibility,medium-visibility,large-visibility\"><div class=\"fusion-column-wrapper fusion-column-has-shadow fusion-flex-justify-content-flex-start fusion-content-layout-column\"><div class=\"fusion-title title fusion-title-1 fusion-sep-none fusion-title-center fusion-title-text fusion-title-size-two\" style=\"--awb-margin-top:4%;--awb-margin-bottom:4%;\"><h2 class=\"fusion-title-heading title-heading-center\" style=\"margin:0;\"><strong>Aviso Legal<\/strong><\/h2><\/div><div class=\"fusion-text fusion-text-1\"><p>&#13;<\/p>\n<div dir=\"ltr\">&#13;<\/p>\n<h4 class=\"wp-block-heading\"><strong>CONDICIONES GENERALES DE USO DEL SITIO WEB ODYSGEA VIAJES Y PAISAJES S.L.<\/strong><\/h4>\n<p>&#13;<\/p>\n<p><strong>ODYSGEA VIAJES Y PAISAJES S.L.<\/strong>\u00a0 (hereinafter referred to as Odysgea), with its registered office at Calle La Fueva 9, Casa 13, 22330 A\u00ednsa, Huesca. (Spain), with Tax ID number (NIF) B19478957, and represented by DIEGO MART\u00cdN CORT\u00c9S with ID number (NIF) 51062520J, provides certain informational content regarding its activities on its website <a href=\"http:\/\/www.jfactory.es\/\" target=\"_blank\" rel=\"noopener\">W<\/a><a href=\"http:\/\/WW.ODYSGEA.COM\">WW.ODYSGEA.COM<\/a> .<\/p>\n<p>&#13;<\/p>\n<p>These general conditions exclusively govern the use of the ODYSGEA website by USERS who access it. These general conditions are presented to the USER on the website\u00a0<a href=\"http:\/\/www.jfactory.es\/\" target=\"_blank\" rel=\"noopener\">www.O<\/a><a href=\"http:\/\/DYSGEA.COM\">DYSGEA.COM<\/a>\u00a0on each page, and every time a USER enters their data in the existing forms, so that they may read, print, save, and accept them online. The USER cannot effectively enter their data without having accepted these conditions.<\/p>\n<p>&#13;<\/p>\n<p><strong>ODYSGEA VIAJES Y PAISAJES S.L.<\/strong>\u00a0. is registered in the Commercial Registry of Huesca, Sheet HU-15719 IRUS 1000429957910.<\/p>\n<p>&#13;<\/p>\n<p>Access to the Odysgea website implies unreserved acceptance of these general terms of use, which the USER confirms they fully understand. The USER agrees not to use the website and the services offered on it for any activities contrary to the law and to respect these general conditions at all times.<\/p>\n<p>&#13;<\/p>\n<h5><strong>PRIMERA.- CONDICIONES DE ACCESO Y USO<\/strong><\/h5>\n<p>&#13;<\/p>\n<p>1.1.- The use of the Odysgea website does not require the USER to register, except if the USER wishes to subscribe to the newsletter available in <a href=\"http:\/\/www.odysgea.com\">www.odysgea.com<\/a>, where registration by filling out a basic form is necessary. This subscription will be governed by specific general conditions. The conditions of access and use of this website are strictly governed by current legislation and the principle of good faith, with the USER committing to making proper use of the website. All acts that violate the law, rights, or interests of third parties\u2014such as the right to privacy, data protection, intellectual property, etc.\u2014are prohibited. ODYSGEA explicitly prohibits the following:<\/p>\n<p>&#13;<\/p>\n<p>1.1.1.- Engaging in actions that may cause any kind of damage to ODYSGEA&#8217;s systems or third parties through the website or by any other means.<\/p>\n<p>&#13;<\/p>\n<p>1.1.2.- Engaging in any form of advertising or commercial information, either directly or covertly, without proper authorization, including sending mass emails (\u00abspamming\u00bb) or large messages intended to block network servers (\u00abmail bombing\u00bb).<\/p>\n<p>&#13;<\/p>\n<p>1.2.- ODYSGEA may interrupt access to its website at any time if it detects any use that violates the law, good faith, or these general conditions\u2014see Clause Five.<\/p>\n<p>&#13;<\/p>\n<h5><strong>SEGUNDA.- CONTENIDOS<\/strong><\/h5>\n<p>&#13;<\/p>\n<p>The contents included on this website have been prepared and included by:<\/p>\n<p>&#13;<\/p>\n<p>2.1.-\u00a0 ODYSGEA\u00a0 , using both internal and external sources, and\u00a0 ODYSGEA\u00a0\u00a0\u00a0is solely responsible for the content created internally.<\/p>\n<p>&#13;<\/p>\n<p>2.2.-\u00a0 ODYSGEA\u00a0\u00a0\u00a0reserves the right to modify the existing content on its website at any time.<\/p>\n<p>&#13;<\/p>\n<h5><strong>TERCERA.- DERECHOS DE AUTOR Y MARCAS<\/strong><\/h5>\n<p>&#13;<\/p>\n<p>ODYSGEA is a registered trademark. The use of the\u00a0 ODYSGEA\u00a0\u00a0\u00a0brand by third parties through any means is prohibited without the express consent of\u00a0 ODYSGEA\u00a0 . All rights are reserved. Additionally, the\u00a0 ODYSGEA\u00a0 website\u2014its own content, programming, and web design\u2014is fully protected by copyright, and any reproduction, communication, distribution, or transformation of the protected elements is expressly prohibited without the express consent of\u00a0 ODYSGEA\u00a0 .<\/p>\n<p>&#13;<\/p>\n<h5><strong>CUARTA.- JURISDICCI\u00d3N Y LEY APLICABLE<\/strong><\/h5>\n<p>&#13;<\/p>\n<p>These general conditions are governed by Spanish law. The courts of Huesca are competent to resolve any dispute or conflict arising from these general conditions, and the USER expressly waives any other jurisdiction that may apply to them.<\/p>\n<p>&#13;<\/p>\n<h5><strong>QUINTA.- VOLUNTAD DE LAS PARTES<\/strong><\/h5>\n<p>&#13;<\/p>\n<p>If any clause of this document is declared null and void, the remaining clauses will remain valid and will be interpreted in accordance with the will of the parties and the purpose of these conditions.\u00a0 ODYSGEA\u00a0\u00a0\u00a0may choose not to exercise any of the rights and powers granted in this document, which shall not imply any waiver of such rights unless expressly acknowledged by\u00a0 ODYSGEA\u00a0 .<\/p>\n<p>&#13;\n<\/p><\/div>\n<p>&#13;<\/p>\n<\/div><\/div><\/div><\/div><\/div>","protected":false},"excerpt":{"rendered":"","protected":false},"author":1,"featured_media":0,"parent":0,"menu_order":0,"comment_status":"closed","ping_status":"closed","template":"","meta":{"_acf_changed":false,"footnotes":""},"class_list":["post-4429","page","type-page","status-publish","hentry"],"acf":[],"yoast_head":"<!-- This site is optimized with the Yoast SEO plugin v27.4 - https:\/\/yoast.com\/product\/yoast-seo-wordpress\/ -->\n<title>Aviso Legal - ODYSGEA<\/title>\n<meta name=\"robots\" content=\"index, follow, max-snippet:-1, max-image-preview:large, max-video-preview:-1\" \/>\n<link rel=\"canonical\" href=\"https:\/\/odysgea.com\/es\/aviso-legal\/\" \/>\n<meta property=\"og:locale\" content=\"es_ES\" \/>\n<meta property=\"og:type\" content=\"article\" \/>\n<meta property=\"og:title\" content=\"Aviso Legal - ODYSGEA\" \/>\n<meta property=\"og:url\" content=\"https:\/\/odysgea.com\/es\/aviso-legal\/\" \/>\n<meta property=\"og:site_name\" content=\"ODYSGEA\" \/>\n<meta property=\"article:modified_time\" content=\"2026-03-05T08:01:14+00:00\" \/>\n<meta name=\"twitter:card\" content=\"summary_large_image\" \/>\n<meta name=\"twitter:label1\" content=\"Tiempo de lectura\" \/>\n\t<meta name=\"twitter:data1\" content=\"3 minutos\" \/>\n<script type=\"application\/ld+json\" class=\"yoast-schema-graph\">{\"@context\":\"https:\\\/\\\/schema.org\",\"@graph\":[{\"@type\":\"WebPage\",\"@id\":\"https:\\\/\\\/odysgea.com\\\/es\\\/aviso-legal\\\/\",\"url\":\"https:\\\/\\\/odysgea.com\\\/es\\\/aviso-legal\\\/\",\"name\":\"Aviso Legal - ODYSGEA\",\"isPartOf\":{\"@id\":\"https:\\\/\\\/odysgea.com\\\/es\\\/#website\"},\"datePublished\":\"2024-10-10T12:50:37+00:00\",\"dateModified\":\"2026-03-05T08:01:14+00:00\",\"breadcrumb\":{\"@id\":\"https:\\\/\\\/odysgea.com\\\/es\\\/aviso-legal\\\/#breadcrumb\"},\"inLanguage\":\"es\",\"potentialAction\":[{\"@type\":\"ReadAction\",\"target\":[\"https:\\\/\\\/odysgea.com\\\/es\\\/aviso-legal\\\/\"]}]},{\"@type\":\"BreadcrumbList\",\"@id\":\"https:\\\/\\\/odysgea.com\\\/es\\\/aviso-legal\\\/#breadcrumb\",\"itemListElement\":[{\"@type\":\"ListItem\",\"position\":1,\"name\":\"Portada\",\"item\":\"https:\\\/\\\/odysgea.com\\\/es\\\/\"},{\"@type\":\"ListItem\",\"position\":2,\"name\":\"Aviso Legal\"}]},{\"@type\":\"WebSite\",\"@id\":\"https:\\\/\\\/odysgea.com\\\/es\\\/#website\",\"url\":\"https:\\\/\\\/odysgea.com\\\/es\\\/\",\"name\":\"ODYSGEA\",\"description\":\"\",\"potentialAction\":[{\"@type\":\"SearchAction\",\"target\":{\"@type\":\"EntryPoint\",\"urlTemplate\":\"https:\\\/\\\/odysgea.com\\\/es\\\/?s={search_term_string}\"},\"query-input\":{\"@type\":\"PropertyValueSpecification\",\"valueRequired\":true,\"valueName\":\"search_term_string\"}}],\"inLanguage\":\"es\"}]}<\/script>\n<!-- \/ Yoast SEO plugin. -->","yoast_head_json":{"title":"Aviso Legal - ODYSGEA","robots":{"index":"index","follow":"follow","max-snippet":"max-snippet:-1","max-image-preview":"max-image-preview:large","max-video-preview":"max-video-preview:-1"},"canonical":"https:\/\/odysgea.com\/es\/aviso-legal\/","og_locale":"es_ES","og_type":"article","og_title":"Aviso Legal - ODYSGEA","og_url":"https:\/\/odysgea.com\/es\/aviso-legal\/","og_site_name":"ODYSGEA","article_modified_time":"2026-03-05T08:01:14+00:00","twitter_card":"summary_large_image","twitter_misc":{"Tiempo de lectura":"3 minutos"},"schema":{"@context":"https:\/\/schema.org","@graph":[{"@type":"WebPage","@id":"https:\/\/odysgea.com\/es\/aviso-legal\/","url":"https:\/\/odysgea.com\/es\/aviso-legal\/","name":"Aviso Legal - ODYSGEA","isPartOf":{"@id":"https:\/\/odysgea.com\/es\/#website"},"datePublished":"2024-10-10T12:50:37+00:00","dateModified":"2026-03-05T08:01:14+00:00","breadcrumb":{"@id":"https:\/\/odysgea.com\/es\/aviso-legal\/#breadcrumb"},"inLanguage":"es","potentialAction":[{"@type":"ReadAction","target":["https:\/\/odysgea.com\/es\/aviso-legal\/"]}]},{"@type":"BreadcrumbList","@id":"https:\/\/odysgea.com\/es\/aviso-legal\/#breadcrumb","itemListElement":[{"@type":"ListItem","position":1,"name":"Portada","item":"https:\/\/odysgea.com\/es\/"},{"@type":"ListItem","position":2,"name":"Aviso Legal"}]},{"@type":"WebSite","@id":"https:\/\/odysgea.com\/es\/#website","url":"https:\/\/odysgea.com\/es\/","name":"ODYSGEA","description":"","potentialAction":[{"@type":"SearchAction","target":{"@type":"EntryPoint","urlTemplate":"https:\/\/odysgea.com\/es\/?s={search_term_string}"},"query-input":{"@type":"PropertyValueSpecification","valueRequired":true,"valueName":"search_term_string"}}],"inLanguage":"es"}]}},"_links":{"self":[{"href":"https:\/\/odysgea.com\/es\/wp-json\/wp\/v2\/pages\/4429","targetHints":{"allow":["GET"]}}],"collection":[{"href":"https:\/\/odysgea.com\/es\/wp-json\/wp\/v2\/pages"}],"about":[{"href":"https:\/\/odysgea.com\/es\/wp-json\/wp\/v2\/types\/page"}],"author":[{"embeddable":true,"href":"https:\/\/odysgea.com\/es\/wp-json\/wp\/v2\/users\/1"}],"replies":[{"embeddable":true,"href":"https:\/\/odysgea.com\/es\/wp-json\/wp\/v2\/comments?post=4429"}],"version-history":[{"count":3,"href":"https:\/\/odysgea.com\/es\/wp-json\/wp\/v2\/pages\/4429\/revisions"}],"predecessor-version":[{"id":4644,"href":"https:\/\/odysgea.com\/es\/wp-json\/wp\/v2\/pages\/4429\/revisions\/4644"}],"wp:attachment":[{"href":"https:\/\/odysgea.com\/es\/wp-json\/wp\/v2\/media?parent=4429"}],"curies":[{"name":"wp","href":"https:\/\/api.w.org\/{rel}","templated":true}]}}